{"id":6322,"date":"2023-12-27T11:10:37","date_gmt":"2023-12-27T08:10:37","guid":{"rendered":"https:\/\/www.vekmar.com.tr\/produits-basse-tension\/schneider-electric\/"},"modified":"2024-07-03T15:49:16","modified_gmt":"2024-07-03T12:49:16","slug":"schneider-electric","status":"publish","type":"page","link":"https:\/\/www.vekmar.com.tr\/fr\/produits-basse-tension\/schneider-electric\/","title":{"rendered":"Schneider Electric"},"content":{"rendered":"<section data-bb-version=\"4.7.6\" id=\"bt_bb_section69f3274300c1c\" class=\"bt_bb_section bt_bb_layout_boxed_1200\"  data-bt-override-class=\"null\"><div class=\"bt_bb_port\"><div class=\"bt_bb_cell\"><div class=\"bt_bb_cell_inner\"><div class=\"bt_bb_row \"  data-bt-override-class=\"{}\"><div class=\"bt_bb_row_holder\" ><div data-bb-version=\"4.7.6\"  class=\"bt_bb_column col-xxl-12 col-xl-12 col-xs-12 col-sm-12 col-md-12 col-lg-12 bt_bb_vertical_align_top bt_bb_align_center bt_bb_padding_normal\" style=\"; --column-width:12;\" data-width=\"12\" data-bt-override-class=\"{&quot;bt_bb_align_&quot;:{&quot;current_class&quot;:&quot;bt_bb_align_center&quot;,&quot;def&quot;:&quot;center&quot;},&quot;bt_bb_padding_&quot;:{&quot;current_class&quot;:&quot;bt_bb_padding_normal&quot;,&quot;def&quot;:&quot;normal&quot;}}\"><div class=\"bt_bb_column_content\"><div class=\"bt_bb_column_content_inner\"><div data-bb-version=\"4.7.6\" class=\"bt_bb_image bt_bb_shape_square bt_bb_align_inherit bt_bb_hover_style_simple bt_bb_content_display_always bt_bb_content_align_middle bt_bb_remove_padding_yes bt_bb_fill_background_color_full\" data-bt-override-class=\"{&quot;bt_bb_align_&quot;:{&quot;current_class&quot;:&quot;bt_bb_align_inherit&quot;,&quot;def&quot;:&quot;inherit&quot;}}\"><span><img src = \"https:\/\/www.vekmar.com.tr\/wp-content\/plugins\/bold-page-builder\/img\/blank.gif\" data-full_image_src=\"https:\/\/www.vekmar.com.tr\/wp-content\/uploads\/2023\/12\/schneider-1.jpg\" data-image_src=\"https:\/\/www.vekmar.com.tr\/wp-content\/uploads\/2023\/12\/schneider-1.jpg\" title=\"schneider-1\" alt=\"https:\/\/www.vekmar.com.tr\/wp-content\/uploads\/2023\/12\/schneider-1.jpg\" class=\"btLazyLoadImage\"><\/span><\/div><div data-bb-version=\"4.7.6\" class=\"bt_bb_separator bt_bb_border_style_none bt_bb_top_spacing_none bt_bb_bottom_spacing_20\" data-bt-override-class=\"{&quot;bt_bb_top_spacing_&quot;:{&quot;current_class&quot;:&quot;bt_bb_top_spacing_none&quot;,&quot;def&quot;:&quot;none&quot;},&quot;bt_bb_bottom_spacing_&quot;:{&quot;current_class&quot;:&quot;bt_bb_bottom_spacing_20&quot;,&quot;def&quot;:&quot;20&quot;}}\"><\/div><div data-bb-version=\"4.7.6\"  class=\"bt_bb_text\" ><\/p>\n<p>S&rsquo;\u00e9tant donn\u00e9 pour mission la durabilit\u00e9 et l&rsquo;efficacit\u00e9, Schneider Electric est le pionnier de la transformation num\u00e9rique de la gestion de l&rsquo;\u00e9nergie et de l&rsquo;automatisation dans les r\u00e9sidences, les b\u00e2timents, les centres de donn\u00e9es, les infrastructures et l&rsquo;industrie. Pr\u00e9sente dans plus de 100 pays, Schneider est l&rsquo;une des principales entreprises du secteur dans le domaine de la gestion de l&rsquo;\u00e9nergie, y compris la basse tension et l&rsquo;alimentation s\u00e9curis\u00e9e, la moyenne tension et les syst\u00e8mes d&rsquo;automatisation. L&rsquo;entreprise propose des solutions d&rsquo;efficacit\u00e9 int\u00e9gr\u00e9es qui combinent l&rsquo;\u00e9nergie, l&rsquo;automatisation et les logiciels. Les int\u00e9grations \u00e0 l&rsquo;\u00e9chelle mondiale de technologies de processus et d&rsquo;\u00e9nergie pour les maisons, les b\u00e2timents, les centres de donn\u00e9es, les infrastructures et les industries tout au long du cycle de vie soutiennent la transformation num\u00e9rique en connectant les produits de la p\u00e9riph\u00e9rie au nuage, en fournissant une gestion d&rsquo;entreprise int\u00e9gr\u00e9e par le biais de la surveillance, des logiciels et des services.<\/p>\n<p>\n<\/div><div data-bb-version=\"4.7.6\" class=\"bt_bb_separator bt_bb_border_style_none bt_bb_top_spacing_none bt_bb_bottom_spacing_30\" data-bt-override-class=\"{&quot;bt_bb_top_spacing_&quot;:{&quot;current_class&quot;:&quot;bt_bb_top_spacing_none&quot;,&quot;def&quot;:&quot;none&quot;},&quot;bt_bb_bottom_spacing_&quot;:{&quot;current_class&quot;:&quot;bt_bb_bottom_spacing_30&quot;,&quot;def&quot;:&quot;30&quot;}}\"><\/div><\/div><\/div><\/div><\/div><\/div><\/div><!-- cell_inner --><\/div><!-- cell --><\/div><!-- port --><\/section>\n","protected":false},"excerpt":{"rendered":"","protected":false},"author":1,"featured_media":6321,"parent":6320,"menu_order":0,"comment_status":"closed","ping_status":"closed","template":"","meta":{"footnotes":""},"class_list":["post-6322","page","type-page","status-publish","has-post-thumbnail","hentry"],"_links":{"self":[{"href":"https:\/\/www.vekmar.com.tr\/fr\/wp-json\/wp\/v2\/pages\/6322","targetHints":{"allow":["GET"]}}],"collection":[{"href":"https:\/\/www.vekmar.com.tr\/fr\/wp-json\/wp\/v2\/pages"}],"about":[{"href":"https:\/\/www.vekmar.com.tr\/fr\/wp-json\/wp\/v2\/types\/page"}],"author":[{"embeddable":true,"href":"https:\/\/www.vekmar.com.tr\/fr\/wp-json\/wp\/v2\/users\/1"}],"replies":[{"embeddable":true,"href":"https:\/\/www.vekmar.com.tr\/fr\/wp-json\/wp\/v2\/comments?post=6322"}],"version-history":[{"count":2,"href":"https:\/\/www.vekmar.com.tr\/fr\/wp-json\/wp\/v2\/pages\/6322\/revisions"}],"predecessor-version":[{"id":6324,"href":"https:\/\/www.vekmar.com.tr\/fr\/wp-json\/wp\/v2\/pages\/6322\/revisions\/6324"}],"up":[{"embeddable":true,"href":"https:\/\/www.vekmar.com.tr\/fr\/wp-json\/wp\/v2\/pages\/6320"}],"wp:featuredmedia":[{"embeddable":true,"href":"https:\/\/www.vekmar.com.tr\/fr\/wp-json\/wp\/v2\/media\/6321"}],"wp:attachment":[{"href":"https:\/\/www.vekmar.com.tr\/fr\/wp-json\/wp\/v2\/media?parent=6322"}],"curies":[{"name":"wp","href":"https:\/\/api.w.org\/{rel}","templated":true}]}}