{"id":5335,"date":"2023-12-26T17:20:25","date_gmt":"2023-12-26T14:20:25","guid":{"rendered":"https:\/\/vekmartest.com\/medium-voltage-products\/best\/"},"modified":"2024-02-01T14:15:07","modified_gmt":"2024-02-01T11:15:07","slug":"best","status":"publish","type":"page","link":"https:\/\/www.vekmar.com.tr\/en\/medium-voltage-products\/best\/","title":{"rendered":"BEST"},"content":{"rendered":"<section data-bb-version=\"4.7.6\" id=\"bt_bb_section69f315fdd07e4\" class=\"bt_bb_section bt_bb_layout_boxed_1200\"  data-bt-override-class=\"null\"><div class=\"bt_bb_port\"><div class=\"bt_bb_cell\"><div class=\"bt_bb_cell_inner\"><div class=\"bt_bb_row \"  data-bt-override-class=\"{}\"><div class=\"bt_bb_row_holder\" ><div data-bb-version=\"4.7.6\"  class=\"bt_bb_column col-xxl-12 col-xl-12 col-xs-12 col-sm-12 col-md-12 col-lg-12 bt_bb_vertical_align_top bt_bb_align_center bt_bb_padding_normal\" style=\"; --column-width:12;\" data-width=\"12\" data-bt-override-class=\"{&quot;bt_bb_align_&quot;:{&quot;current_class&quot;:&quot;bt_bb_align_center&quot;,&quot;def&quot;:&quot;center&quot;},&quot;bt_bb_padding_&quot;:{&quot;current_class&quot;:&quot;bt_bb_padding_normal&quot;,&quot;def&quot;:&quot;normal&quot;}}\"><div class=\"bt_bb_column_content\"><div class=\"bt_bb_column_content_inner\"><div data-bb-version=\"4.7.6\" class=\"bt_bb_image bt_bb_shape_square bt_bb_align_inherit bt_bb_hover_style_simple bt_bb_content_display_always bt_bb_content_align_middle bt_bb_remove_padding_yes bt_bb_fill_background_color_full\" data-bt-override-class=\"{&quot;bt_bb_align_&quot;:{&quot;current_class&quot;:&quot;bt_bb_align_inherit&quot;,&quot;def&quot;:&quot;inherit&quot;}}\"><span><img src = \"https:\/\/www.vekmar.com.tr\/wp-content\/plugins\/bold-page-builder\/img\/blank.gif\" data-full_image_src=\"https:\/\/www.vekmar.com.tr\/wp-content\/uploads\/2023\/12\/best.png\" data-image_src=\"https:\/\/www.vekmar.com.tr\/wp-content\/uploads\/2023\/12\/best.png\" title=\"best\" alt=\"https:\/\/www.vekmar.com.tr\/wp-content\/uploads\/2023\/12\/best.png\" class=\"btLazyLoadImage\"><\/span><\/div><div data-bb-version=\"4.7.6\" class=\"bt_bb_separator bt_bb_border_style_none bt_bb_top_spacing_none bt_bb_bottom_spacing_20\" data-bt-override-class=\"{&quot;bt_bb_top_spacing_&quot;:{&quot;current_class&quot;:&quot;bt_bb_top_spacing_none&quot;,&quot;def&quot;:&quot;none&quot;},&quot;bt_bb_bottom_spacing_&quot;:{&quot;current_class&quot;:&quot;bt_bb_bottom_spacing_20&quot;,&quot;def&quot;:&quot;20&quot;}}\"><\/div><div data-bb-version=\"4.7.6\"  class=\"bt_bb_text\" ><\/p>\n<div class=\"elementor-element elementor-element-4f11576 elementor-widget elementor-widget-text-editor\" data-id=\"4f11576\" data-element_type=\"widget\" data-widget_type=\"text-editor.default\">\n<div class=\"elementor-widget-container\">\n<p>BEST, one of the leading transformer manufacturers in Turkey and the region with a production area of 170,000 m2 and a production capacity of 50,000 MVA, serves many areas such as the world&#8217;s leading electrical institutions, iron and steel manufacturers, oil and gas companies, solar and wind energy projects.<\/p>\n<p>By establishing BEST Elektrik Taahh\u00fct ve Ticaret A.\u015e (BETA\u015e) in 2010, BEST stepped into the energy contracting business and started to offer turnkey solution partnerships to its customers. Thus, it is one of the largest transformer manufacturers in Turkey, continuing its activities in the field of voltage electricity contracting, especially in Turkey, as well as in Europe, the Balkans, the Middle East and North Africa.<\/p>\n<\/div>\n<\/div>\n<p>\n<\/div><div data-bb-version=\"4.7.6\" class=\"bt_bb_separator bt_bb_border_style_none bt_bb_top_spacing_none bt_bb_bottom_spacing_30\" data-bt-override-class=\"{&quot;bt_bb_top_spacing_&quot;:{&quot;current_class&quot;:&quot;bt_bb_top_spacing_none&quot;,&quot;def&quot;:&quot;none&quot;},&quot;bt_bb_bottom_spacing_&quot;:{&quot;current_class&quot;:&quot;bt_bb_bottom_spacing_30&quot;,&quot;def&quot;:&quot;30&quot;}}\"><\/div><\/div><\/div><\/div><\/div><\/div><\/div><!-- cell_inner --><\/div><!-- cell --><\/div><!-- port --><\/section>\n","protected":false},"excerpt":{"rendered":"","protected":false},"author":1,"featured_media":3939,"parent":5310,"menu_order":0,"comment_status":"closed","ping_status":"closed","template":"","meta":{"footnotes":""},"class_list":["post-5335","page","type-page","status-publish","has-post-thumbnail","hentry"],"_links":{"self":[{"href":"https:\/\/www.vekmar.com.tr\/en\/wp-json\/wp\/v2\/pages\/5335","targetHints":{"allow":["GET"]}}],"collection":[{"href":"https:\/\/www.vekmar.com.tr\/en\/wp-json\/wp\/v2\/pages"}],"about":[{"href":"https:\/\/www.vekmar.com.tr\/en\/wp-json\/wp\/v2\/types\/page"}],"author":[{"embeddable":true,"href":"https:\/\/www.vekmar.com.tr\/en\/wp-json\/wp\/v2\/users\/1"}],"replies":[{"embeddable":true,"href":"https:\/\/www.vekmar.com.tr\/en\/wp-json\/wp\/v2\/comments?post=5335"}],"version-history":[{"count":2,"href":"https:\/\/www.vekmar.com.tr\/en\/wp-json\/wp\/v2\/pages\/5335\/revisions"}],"predecessor-version":[{"id":5337,"href":"https:\/\/www.vekmar.com.tr\/en\/wp-json\/wp\/v2\/pages\/5335\/revisions\/5337"}],"up":[{"embeddable":true,"href":"https:\/\/www.vekmar.com.tr\/en\/wp-json\/wp\/v2\/pages\/5310"}],"wp:featuredmedia":[{"embeddable":true,"href":"https:\/\/www.vekmar.com.tr\/en\/wp-json\/wp\/v2\/media\/3939"}],"wp:attachment":[{"href":"https:\/\/www.vekmar.com.tr\/en\/wp-json\/wp\/v2\/media?parent=5335"}],"curies":[{"name":"wp","href":"https:\/\/api.w.org\/{rel}","templated":true}]}}