{"id":13068,"date":"2026-01-19T09:11:12","date_gmt":"2026-01-19T06:11:12","guid":{"rendered":"https:\/\/www.vekmar.com.tr\/career\/e-commerce-specialist\/"},"modified":"2026-04-22T13:43:20","modified_gmt":"2026-04-22T10:43:20","slug":"e-commerce-specialist","status":"publish","type":"page","link":"https:\/\/www.vekmar.com.tr\/en\/career\/e-commerce-specialist\/","title":{"rendered":"E-Commerce Specialist"},"content":{"rendered":"<p><section data-bb-version=\"5.5.9\" id=\"bt_bb_section69f474bdc8ae2\" class=\"bt_bb_section bt_bb_layout_boxed_1200\"  data-bt-override-class=\"null\"><div class=\"bt_bb_port\"><div class=\"bt_bb_cell\"><div class=\"bt_bb_cell_inner\"><div class=\"bt_bb_row \"  data-bt-override-class=\"{}\"><div class=\"bt_bb_row_holder\" ><div data-bb-version=\"5.5.9\"  class=\"bt_bb_column col-xxl-12 col-xl-12 col-xs-12 col-sm-12 col-md-12 col-lg-12 bt_bb_vertical_align_top bt_bb_align_left bt_bb_padding_normal\" style=\"; --column-width:12;\" data-width=\"12\" data-bt-override-class=\"{}\"><div class=\"bt_bb_column_content\"><div class=\"bt_bb_column_content_inner\"><div data-bb-version=\"5.5.9\" class=\"bt_bb_separator bt_bb_border_style_none bt_bb_top_spacing_large bt_bb_bottom_spacing_none\" data-bt-override-class=\"{&quot;bt_bb_top_spacing_&quot;:{&quot;current_class&quot;:&quot;bt_bb_top_spacing_large&quot;,&quot;def&quot;:&quot;large&quot;},&quot;bt_bb_bottom_spacing_&quot;:{&quot;current_class&quot;:&quot;bt_bb_bottom_spacing_none&quot;,&quot;def&quot;:&quot;none&quot;}}\"><\/div><\/div><\/div><\/div><\/div><\/div><\/div><!-- cell_inner --><\/div><!-- cell --><\/div><!-- port --><\/section><section data-bb-version=\"5.5.9\" id=\"bt_bb_section69f474bdd27b9\" class=\"bt_bb_section bt_bb_color_scheme_11 bt_bb_layout_boxed_1200 bt_bb_vertical_align_top bt_bb_top_spacing_large bt_bb_bottom_spacing_large bt_bb_negative_margin_\" style=\"; --section-primary-color:#ffffff; --section-secondary-color:#172f4e;background-position:top, center;background-size:cover;\" data-bt-override-class=\"{&quot;bt_bb_top_spacing_&quot;:{&quot;current_class&quot;:&quot;bt_bb_top_spacing_large&quot;,&quot;def&quot;:&quot;large&quot;},&quot;bt_bb_bottom_spacing_&quot;:{&quot;current_class&quot;:&quot;bt_bb_bottom_spacing_large&quot;,&quot;def&quot;:&quot;large&quot;},&quot;bt_bb_negative_margin_&quot;:{&quot;current_class&quot;:&quot;bt_bb_negative_margin_&quot;,&quot;def&quot;:&quot;&quot;},&quot;bt_bb_animation_&quot;:{&quot;current_class&quot;:&quot;bt_bb_animation_no_animation&quot;,&quot;def&quot;:&quot;no_animation&quot;}}\"><div class=\"bt_bb_background_image_holder_wrapper\"><div class=\"bt_bb_background_image_holder btLazyLoadBackground\"  data-background_image_src=\"https:\/\/www.vekmar.com.tr\/wp-content\/uploads\/2026\/03\/kariyer.png\" data-parallax-zoom-start=\"1\" data-parallax-zoom-end=\"1\" data-parallax-blur-start=\"0\" data-parallax-blur-end=\"0\" data-parallax-opacity-start=\"1\" data-parallax-opacity-end=\"1\" style=\" background-image: url(&#039;https:\/\/www.vekmar.com.tr\/wp-content\/plugins\/bold-page-builder\/img\/blank.gif&#039;);\"><\/div><\/div><div class=\"bt_bb_port\"><div class=\"bt_bb_cell\"><div class=\"bt_bb_cell_inner\"><div class=\"bt_bb_row \"  data-bt-override-class=\"{}\"><div class=\"bt_bb_row_holder\" ><div  class=\"bt_bb_column col-xxl-8 col-xl-8 col-xs-12 col-sm-12 col-md-12 col-lg-8 bt_bb_vertical_align_top bt_bb_align_left bt_bb_padding_normal bt_bb_animation_fade_in zoom_out animate\" style=\"; --column-width:8;\" data-width=\"8\" data-bt-override-class=\"{}\"><div class=\"bt_bb_column_content\"><div class=\"bt_bb_column_content_inner\"><header data-bb-version=\"5.5.9\" class=\"bt_bb_headline bt_bb_color_scheme_1 bt_bb_dash_top bt_bb_size_large bt_bb_align_inherit\" style=\"; --headline-primary-color:#ffffff; --headline-secondary-color:#000000;\" data-bt-override-class=\"{&quot;bt_bb_size_&quot;:{&quot;current_class&quot;:&quot;bt_bb_size_large&quot;,&quot;def&quot;:&quot;large&quot;},&quot;bt_bb_align_&quot;:{&quot;current_class&quot;:&quot;bt_bb_align_inherit&quot;,&quot;def&quot;:&quot;inherit&quot;}}\"><h2 style=\"font-size:50px\"><span class=\"bt_bb_headline_content\"><span>E-Commerce Specialist<\/span><\/span><\/h2><\/header><\/div><\/div><\/div><div  class=\"bt_bb_column col-xxl-4 col-xl-4 col-xs-12 col-sm-12 col-md-12 col-lg-4 bt_bb_vertical_align_top bt_bb_align_center bt_bb_padding_normal\" style=\"; --column-width:4;\" data-width=\"4\" data-bt-override-class=\"{}\"><div class=\"bt_bb_column_content\"><div class=\"bt_bb_column_content_inner\"><\/div><\/div><\/div><\/div><\/div><\/div><!-- cell_inner --><\/div><!-- cell --><\/div><!-- port --><\/section><section data-bb-version=\"5.5.9\" id=\"bt_bb_section69f474bdd2ae7\" class=\"bt_bb_section bt_bb_layout_boxed_1200 bt_bb_vertical_align_top bt_bb_top_spacing_30 bt_bb_bottom_spacing_20 bt_bb_negative_margin_\"  data-bt-override-class=\"{&quot;bt_bb_top_spacing_&quot;:{&quot;current_class&quot;:&quot;bt_bb_top_spacing_30&quot;,&quot;def&quot;:&quot;30&quot;},&quot;bt_bb_bottom_spacing_&quot;:{&quot;current_class&quot;:&quot;bt_bb_bottom_spacing_20&quot;,&quot;def&quot;:&quot;20&quot;},&quot;bt_bb_negative_margin_&quot;:{&quot;current_class&quot;:&quot;bt_bb_negative_margin_&quot;,&quot;def&quot;:&quot;&quot;},&quot;bt_bb_animation_&quot;:{&quot;current_class&quot;:&quot;bt_bb_animation_no_animation&quot;,&quot;def&quot;:&quot;no_animation&quot;}}\"><div class=\"bt_bb_port\"><div class=\"bt_bb_cell\"><div class=\"bt_bb_cell_inner\"><div class=\"bt_bb_row \"  data-bt-override-class=\"{}\"><div class=\"bt_bb_row_holder\" ><div data-bb-version=\"5.3.6\"  class=\"bt_bb_column col-xxl-12 col-xl-12 col-xs-12 col-sm-12 col-md-12 col-lg-12 bt_bb_vertical_align_top bt_bb_align_left bt_bb_padding_normal\" style=\"; --column-width:12;\" data-width=\"12\" data-bt-override-class=\"{}\"><div class=\"bt_bb_column_content\"><div class=\"bt_bb_column_content_inner\"><div data-bb-version=\"5.3.6\"  class=\"bt_bb_text\" ><\/p>\n<p class=\"x_x_x_x_MsoNormal\">Vekmar Elektrik Sistemleri Yat\u0131r\u0131m ve Ticaret A.\u015e. has been operating in the energy sector since its establishment in 1994. It provides services in the fields of material sales, contracting, engineering, design, project design and panel manufacturing. It carries out the distributorship and application partnership of leading global and national companies, especially Siemens, Schneider Electric, Eaton, Astor Energy, which are among the leading companies in the world energy sector with a wide and high quality product range, and continues to cooperate in projects.<\/p>\n<p class=\"x_x_x_x_MsoNormal\">In line with our strategic goals, we are looking for colleagues to be assigned in the position of <strong>&#8220;E-Commerce Specialist&#8221;<\/strong> in our company, which is one of the giants of the energy sector with our constantly growing, developing and expanding geography, human resources, product and service diversity, increasing the geographies we bring solutions to and our customer portfolio.<\/p>\n<p class=\"x_x_x_MsoNormal\"><strong>Required Qualifications;<\/strong><\/p>\n<ul>\n<li class=\"x_x_x_MsoNormal\">Graduated from related departments of universities<\/li>\n<li class=\"x_x_x_MsoNormal\">Experienced in e-commerce processes (B2B \/ B2C platforms)<\/li>\n<li class=\"x_x_x_MsoNormal\">Advanced knowledge of reporting, data analysis and Excel<\/li>\n<li class=\"x_x_x_MsoNormal\">Good command of digital marketing tools, social media management and mailing systems<\/li>\n<li class=\"x_x_x_MsoNormal\">Basic IT knowledge (user authorization, system access management, etc.)<\/li>\n<li class=\"x_x_x_MsoNormal\">Strong analytical thinking skills, detail-oriented and reporting discipline<\/li>\n<li class=\"x_x_x_MsoNormal\">Strong communication skills, prone to teamwork<\/li>\n<li class=\"x_x_x_MsoNormal\">Preferably with experience in Tiger or similar ERP software<\/li>\n<\/ul>\n<p class=\"x_x_x_MsoNormal\"><strong>Duties and Responsibilities;<\/strong><\/p>\n<ul>\n<li class=\"x_x_x_MsoNormal\">Preparing daily, weekly and monthly visit\/call\/order reports of the sales team and communicating them to the management<\/li>\n<li class=\"x_x_x_MsoNormal\">Sales, user openings, targets, discount and campaign definitions, exchange rate difference order tracking and reporting in the B2B system<\/li>\n<li class=\"x_x_x_MsoNormal\">Preparing performance reports of salespeople and presenting them to the management<\/li>\n<li class=\"x_x_x_MsoNormal\">Preparation of year and quarterly comparative reports of company turnover<\/li>\n<li class=\"x_x_x_MsoNormal\">Managing database update processes, coordinating with the sales team<\/li>\n<li class=\"x_x_x_MsoNormal\">Control, updates and troubleshooting of e-commerce platforms and website<\/li>\n<li class=\"x_x_x_MsoNormal\">Preparation, sharing and performance monitoring of social media content<\/li>\n<li class=\"x_x_x_MsoNormal\">Managing campaign and digital marketing processes (banners, mailings, WhatsApp posts, advertisement works, etc.)<\/li>\n<li class=\"x_x_x_MsoNormal\">Communicating with manufacturers and agencies in campaign, digital marketing and e-commerce processes<\/li>\n<li class=\"x_x_x_MsoNormal\">Organizing webinar, event and magazine content processes<\/li>\n<li class=\"x_x_x_MsoNormal\">Reporting and tracking of orders received by credit card<\/li>\n<li class=\"x_x_x_MsoNormal\">Management of in-house digital systems (Bimser, Office license, mail, password systems, etc.) and user support.<\/li>\n<\/ul>\n<p>\n<\/div><div class=\"bt_bb_shortcode\"><div class=\"wpforms-container wpforms-container-full wpforms-render-modern\" id=\"wpforms-13062\"><form id=\"wpforms-form-13062\" class=\"wpforms-validate wpforms-form wpforms-ajax-form\" data-formid=\"13062\" method=\"post\" enctype=\"multipart\/form-data\" action=\"\/en\/wp-json\/wp\/v2\/pages\/13068?wpforms_form_id=13062\"><noscript class=\"wpforms-error-noscript\">Please enable JavaScript in your browser to complete this form.<\/noscript><div class=\"wpforms-hidden\" id=\"wpforms-error-noscript\">Please enable JavaScript in your browser to complete this form.<\/div><div class=\"wpforms-field-container\"><div id=\"wpforms-13062-field_3-container\" class=\"wpforms-field wpforms-field-layout\" data-field-id=\"3\"><label class=\"wpforms-field-label wpforms-label-hide\" for=\"wpforms-13062-field_3\" aria-hidden=\"false\">Layout<\/label><div class=\"wpforms-field-layout-columns wpforms-field-layout-preset-50-50\"><div class=\"wpforms-layout-column wpforms-layout-column-50\"><div id=\"wpforms-13062-field_4-container\" class=\"wpforms-field wpforms-field-text\" data-field-id=\"4\"><label class=\"wpforms-field-label\" for=\"wpforms-13062-field_4\">Name <span class=\"wpforms-required-label\" aria-hidden=\"true\">*<\/span><\/label><input type=\"text\" id=\"wpforms-13062-field_4\" class=\"wpforms-field-medium wpforms-field-required\" name=\"wpforms[fields][4]\" aria-errormessage=\"wpforms-13062-field_4-error\" required><\/div><div id=\"wpforms-13062-field_9-container\" class=\"wpforms-field wpforms-field-email\" data-field-id=\"9\"><label class=\"wpforms-field-label\" for=\"wpforms-13062-field_9\">E-mail <span class=\"wpforms-required-label\" aria-hidden=\"true\">*<\/span><\/label><input type=\"email\" id=\"wpforms-13062-field_9\" class=\"wpforms-field-medium wpforms-field-required\" name=\"wpforms[fields][9]\" spellcheck=\"false\" aria-errormessage=\"wpforms-13062-field_9-error\" required><\/div><div id=\"wpforms-13062-field_10-container\" class=\"wpforms-field wpforms-field-text\" data-field-id=\"10\"><label class=\"wpforms-field-label\" for=\"wpforms-13062-field_10\">City <span class=\"wpforms-required-label\" aria-hidden=\"true\">*<\/span><\/label><input type=\"text\" id=\"wpforms-13062-field_10\" class=\"wpforms-field-medium wpforms-field-required\" name=\"wpforms[fields][10]\" aria-errormessage=\"wpforms-13062-field_10-error\" required><\/div><\/div><div class=\"wpforms-layout-column wpforms-layout-column-50\"><div id=\"wpforms-13062-field_7-container\" class=\"wpforms-field wpforms-field-text\" data-field-id=\"7\"><label class=\"wpforms-field-label\" for=\"wpforms-13062-field_7\">Surname <span class=\"wpforms-required-label\" aria-hidden=\"true\">*<\/span><\/label><input type=\"text\" id=\"wpforms-13062-field_7\" class=\"wpforms-field-medium wpforms-field-required\" name=\"wpforms[fields][7]\" aria-errormessage=\"wpforms-13062-field_7-error\" required><\/div><div id=\"wpforms-13062-field_5-container\" class=\"wpforms-field wpforms-field-text\" data-field-id=\"5\"><label class=\"wpforms-field-label\" for=\"wpforms-13062-field_5\">Address <span class=\"wpforms-required-label\" aria-hidden=\"true\">*<\/span><\/label><input type=\"text\" id=\"wpforms-13062-field_5\" class=\"wpforms-field-medium wpforms-field-required\" name=\"wpforms[fields][5]\" aria-errormessage=\"wpforms-13062-field_5-error\" required><\/div><div id=\"wpforms-13062-field_11-container\" class=\"wpforms-field wpforms-field-phone\" data-field-id=\"11\"><label class=\"wpforms-field-label\" for=\"wpforms-13062-field_11\">Phone <span class=\"wpforms-required-label\" aria-hidden=\"true\">*<\/span><\/label><input type=\"tel\" id=\"wpforms-13062-field_11\" class=\"wpforms-field-medium wpforms-field-required wpforms-smart-phone-field\" data-rule-smart-phone-field=\"true\" name=\"wpforms[fields][11]\" aria-errormessage=\"wpforms-13062-field_11-error\" required><\/div><\/div><\/div><\/div><div id=\"wpforms-13062-field_12-container\" class=\"wpforms-field wpforms-field-file-upload\" data-field-id=\"12\"><label class=\"wpforms-field-label\" for=\"wpforms-13062-field_12\">Upload CV <span class=\"wpforms-required-label\" aria-hidden=\"true\">*<\/span><\/label><div\n\t\tclass=\"wpforms-uploader\"\n\t\tdata-field-id=\"12\"\n\t\tdata-form-id=\"13062\"\n\t\tdata-input-name=\"wpforms_13062_12\"\n\t\tdata-extensions=\"jpg,jpeg,jpe,gif,png,bmp,tiff,tif,webp,avif,ico,heic,heif,heics,heifs,asf,asx,wmv,wmx,wm,avi,divx,mov,qt,mpeg,mpg,mpe,mp4,m4v,ogv,webm,mkv,3gp,3gpp,3g2,3gp2,txt,asc,c,cc,h,srt,csv,tsv,ics,rtx,css,vtt,mp3,m4a,m4b,aac,ra,ram,wav,x-wav,ogg,oga,flac,mid,midi,wma,wax,mka,rtf,pdf,class,tar,zip,gz,gzip,rar,7z,psd,xcf,doc,pot,pps,ppt,wri,xla,xls,xlt,xlw,mpp,docx,docm,dotx,dotm,xlsx,xlsm,xlsb,xltx,xltm,xlam,pptx,pptm,ppsx,ppsm,potx,potm,ppam,sldx,sldm,onetoc,onetoc2,onepkg,oxps,xps,odt,odp,ods,odg,odc,odb,odf,wp,wpd,key,numbers,pages,svg\"\n\t\tdata-max-size=\"134217728\"\n\t\tdata-max-file-number=\"1\"\n\t\tdata-post-max-size=\"134217728\"\n\t\tdata-max-parallel-uploads=\"4\"\n\t\tdata-parallel-uploads=\"true\"\n\t\tdata-file-chunk-size=\"2097152\">\n\t<div class=\"dz-message\">\n\t\t<svg viewBox=\"0 0 1024 1024\" focusable=\"false\" data-icon=\"inbox\" width=\"50px\" height=\"50px\" fill=\"currentColor\" aria-hidden=\"true\">\n\t\t\t<path d=\"M885.2 446.3l-.2-.8-112.2-285.1c-5-16.1-19.9-27.2-36.8-27.2H281.2c-17 0-32.1 11.3-36.9 27.6L139.4 443l-.3.7-.2.8c-1.3 4.9-1.7 9.9-1 14.8-.1 1.6-.2 3.2-.2 4.8V830a60.9 60.9 0 0 0 60.8 60.8h627.2c33.5 0 60.8-27.3 60.9-60.8V464.1c0-1.3 0-2.6-.1-3.7.4-4.9 0-9.6-1.3-14.1zm-295.8-43l-.3 15.7c-.8 44.9-31.8 75.1-77.1 75.1-22.1 0-41.1-7.1-54.8-20.6S436 441.2 435.6 419l-.3-15.7H229.5L309 210h399.2l81.7 193.3H589.4zm-375 76.8h157.3c24.3 57.1 76 90.8 140.4 90.8 33.7 0 65-9.4 90.3-27.2 22.2-15.6 39.5-37.4 50.7-63.6h156.5V814H214.4V480.1z\"><\/path>\n\t\t<\/svg>\n\t\t<span class=\"modern-title\">Click or drag a file to this area to upload.<\/span>\n\n\t\t\t<\/div>\n<\/div>\n<input\n\t\ttype=\"text\"\n\t\tautocomplete=\"off\"\n\t\tclass=\"dropzone-input\"\n\t\tstyle=\"position:absolute!important;clip:rect(0,0,0,0)!important;height:1px!important;width:1px!important;border:0!important;overflow:hidden!important;padding:0!important;margin:0!important;\"\n\t\tid=\"wpforms-13062-field_12\"\n\t\tname=\"wpforms_13062_12\" required\t\tvalue=\"\">\n<\/div><div id=\"wpforms-13062-field_2-container\" class=\"wpforms-field wpforms-field-textarea\" data-field-id=\"2\"><label class=\"wpforms-field-label\" for=\"wpforms-13062-field_2\">Message<\/label><textarea id=\"wpforms-13062-field_2\" class=\"wpforms-field-medium\" name=\"wpforms[fields][2]\" aria-errormessage=\"wpforms-13062-field_2-error\" ><\/textarea><\/div><div id=\"wpforms-13062-field_17-container\" class=\"wpforms-field wpforms-field-checkbox\" data-field-id=\"17\"><fieldset><legend class=\"wpforms-field-label\"> <span class=\"wpforms-required-label\" aria-hidden=\"true\">*<\/span><\/legend><ul id=\"wpforms-13062-field_17\" class=\"wpforms-field-required\"><li class=\"choice-1 depth-1\"><input type=\"checkbox\" id=\"wpforms-13062-field_17_1\" name=\"wpforms[fields][17][]\" value=\"I have read and approve the &lt;a target=&quot;_blank&quot; href=&quot;https:\/\/www.vekmar.com.tr\/en\/company-privacy-notice\/&quot;&gt;Information Text Regarding the Protection of Data Regarding Employee Candidates&lt;\/a&gt;.\" aria-errormessage=\"wpforms-13062-field_17_1-error\" required ><label class=\"wpforms-field-label-inline\" for=\"wpforms-13062-field_17_1\">I have read and approve the <a target=\"_blank\" href=\"https:\/\/www.vekmar.com.tr\/en\/company-privacy-notice\/\">Information Text Regarding the Protection of Data Regarding Employee Candidates<\/a>.<\/label><\/li><\/ul><\/fieldset><\/div><\/div><!-- .wpforms-field-container --><div class=\"wpforms-submit-container\" ><input type=\"hidden\" name=\"wpforms[id]\" value=\"13062\"><input type=\"hidden\" name=\"wpforms[author]\" value=\"1\"><input type=\"hidden\" class=\"wpforms-token\" name=\"wpforms[token]\" value=\"d2b25bafdb61163441e21b80c14e652a\" \/><button type=\"submit\" name=\"wpforms[submit]\" id=\"wpforms-submit-13062\" class=\"wpforms-submit\" data-alt-text=\"Submitting..\" data-submit-text=\"Submit\" aria-live=\"assertive\" value=\"wpforms-submit\">Submit<\/button><img loading=\"lazy\" decoding=\"async\" src=\"https:\/\/www.vekmar.com.tr\/wp-content\/plugins\/wpforms\/assets\/images\/submit-spin.svg\" class=\"wpforms-submit-spinner\" style=\"display: none;\" width=\"26\" height=\"26\" alt=\"Loading\"><\/div><\/form><\/div>  <!-- .wpforms-container --><\/div><\/div><\/div><\/div><\/div><\/div><\/div><!-- cell_inner --><\/div><!-- cell --><\/div><!-- port --><\/section><\/p>\n","protected":false},"excerpt":{"rendered":"","protected":false},"author":1,"featured_media":0,"parent":13041,"menu_order":0,"comment_status":"closed","ping_status":"closed","template":"","meta":{"footnotes":""},"class_list":["post-13068","page","type-page","status-publish","hentry"],"_links":{"self":[{"href":"https:\/\/www.vekmar.com.tr\/en\/wp-json\/wp\/v2\/pages\/13068","targetHints":{"allow":["GET"]}}],"collection":[{"href":"https:\/\/www.vekmar.com.tr\/en\/wp-json\/wp\/v2\/pages"}],"about":[{"href":"https:\/\/www.vekmar.com.tr\/en\/wp-json\/wp\/v2\/types\/page"}],"author":[{"embeddable":true,"href":"https:\/\/www.vekmar.com.tr\/en\/wp-json\/wp\/v2\/users\/1"}],"replies":[{"embeddable":true,"href":"https:\/\/www.vekmar.com.tr\/en\/wp-json\/wp\/v2\/comments?post=13068"}],"version-history":[{"count":3,"href":"https:\/\/www.vekmar.com.tr\/en\/wp-json\/wp\/v2\/pages\/13068\/revisions"}],"predecessor-version":[{"id":13071,"href":"https:\/\/www.vekmar.com.tr\/en\/wp-json\/wp\/v2\/pages\/13068\/revisions\/13071"}],"up":[{"embeddable":true,"href":"https:\/\/www.vekmar.com.tr\/en\/wp-json\/wp\/v2\/pages\/13041"}],"wp:attachment":[{"href":"https:\/\/www.vekmar.com.tr\/en\/wp-json\/wp\/v2\/media?parent=13068"}],"curies":[{"name":"wp","href":"https:\/\/api.w.org\/{rel}","templated":true}]}}